{"id":145,"date":"2025-07-04T17:22:51","date_gmt":"2025-07-04T16:22:51","guid":{"rendered":"https:\/\/marsimmo-ma.com\/?page_id=145"},"modified":"2025-07-04T17:22:51","modified_gmt":"2025-07-04T16:22:51","slug":"profil","status":"publish","type":"page","link":"https:\/\/marsimmo-ma.com\/?page_id=145","title":{"rendered":"Profil"},"content":{"rendered":"<div class=\"es-auth js-es-auth content-font\">\n                    <div class=\"es-auth__item es-auth__login-buttons \">\n\t        <h3 class=\"heading-font\">Connexion ou Inscription<\/h3>\n\t\n\t        <p>pour enregistrer vos maisons pr\u00e9f\u00e9r\u00e9es et plus encore<\/p>\n\t\n\t\t\t\t\t\t\t\t                <a class=\"es-btn es-btn--google es-btn--auth \" href=\"https:\/\/accounts.google.com\/o\/oauth2\/v2\/auth?redirect_uri=https%3A%2F%2Fmarsimmo-ma.com%2F%3Fauth_network%3Dgoogle-login-buttons&response_type=code&client_id=337487134259-67cksdv3btk0ua4ekjcq74aeid93tss1.apps.googleusercontent.com&access_type=online&scope=https:\/\/www.googleapis.com\/auth\/userinfo.profile https:\/\/www.googleapis.com\/auth\/userinfo.email\">\n                    <span class=\"es-icon es-icon_google\"><\/span>\n\t\t\t\t\tConnectez-vous avec Google                <\/a>\n\t\t\t\t\t\t        <a href=\"#\" data-auth-item=\"login-form\" class=\"js-es-auth-item__switcher es-btn es-btn--default es-btn--auth \">\n\t\t\tConnectez-vous avec e-mail\n        <\/a>\n\t\n\t        <p class=\"sign-in-text\">Vous n'avez pas de compte\u00a0? <a href=\"#\" data-auth-item=\"buyer-register-buttons\" class=\"js-es-auth-item__switcher\">S'inscrire<\/a><\/p>\n\t\n    <div class=\"es-space\"><\/div>\n<\/div>\n        <div class=\"es-auth__item js-es-auth__login-form es-auth__login-form es-auth__item--hidden\">\n\t        <h3 class=\"heading-font\">Connexion ou Inscription<\/h3>\n\t\n\t        <p>pour enregistrer vos maisons pr\u00e9f\u00e9r\u00e9es et plus encore<\/p>\n\t\n    <div class=\"all-login-back\">\n        <a href=\"#\" data-auth-item=\"login-buttons\" class=\"js-es-auth-item__switcher\">\n            <span class=\"es-icon es-icon_chevron-left\"><\/span>Toutes les options de connexion        <\/a>\n    <\/div>\n\n    <form action=\"\" method=\"POST\">\n\t\t\n                               <div class='es-field es-field__es_user_login es-field--text '>\n                                   <label for='es_user_login-69e166f0a46f3'><span class='es-field__label'>Email<\/span><input id=\"es_user_login-69e166f0a46f3\" name=\"es_user_login\" class=\"es-field__input\" required=\"required\" autocomplete=\"username\" type=\"text\" value=\"\" \/><\/label>\n                               <\/div>\n                           \n                                   <div class='es-field es-field__es_user_password es-field--password '>\n                                       <label for='es_user_password-69e166f0a61d2'><span class='es-field__label'>Mot de passe<\/span><div class='es-input__wrap'><input id=\"es_user_password-69e166f0a61d2\" name=\"es_user_password\" class=\"es-field__input\" required=\"required\" autocomplete=\"current-password\" type=\"password\" value=\"\" \/><a href='#' aria-label='Show or Hide password' class='es-toggle-pwd js-es-toggle-pwd'><span class='es-icon es-icon_eye'><\/span><\/a><\/div><\/label>\n                                   <\/div>\n                                       <div class=\"forgot-pwd\">\n            <a href=\"#\" data-auth-item=\"reset-form\" class=\"js-es-auth-item__switcher\">Mot de passe oubli\u00e9?\n<\/a>\n        <\/div>\n\n\t\t        <input type=\"hidden\" name=\"uniqid\" value=\"69e166f0a61ef\"\/>\n\t\t<input type=\"hidden\" id=\"es_auth_nonce_69e166f0a61ef\" name=\"es_auth_nonce_69e166f0a61ef\" value=\"058214373e\" \/><input type=\"hidden\" name=\"_wp_http_referer\" value=\"\/index.php?rest_route=%2Fwp%2Fv2%2Fpages%2F145\" \/>\t            <button type=\"submit\" class=\"es-btn es-btn--primary js-es-btn--login es-btn--login\" disabled>Connexion\n<\/button>\n    <\/form>\n\n\t        <p class=\"sign-in-text\">Vous n'avez pas de compte\u00a0? <a href=\"#\" class=\"js-es-auth-item__switcher\" data-auth-item=\"buyer-register-buttons\">S'inscrire<\/a><\/p>\n\t    <div class=\"es-space\"><\/div>\n<\/div>\n        <div class=\"es-auth__item es-auth__reset-form es-auth__item--hidden\">\n    <h3 class=\"heading-font\">Reset password<\/h3>\n    <p>Entrez votre adresse e-mail et nous vous enverrons un lien pour changer votre mot de passe.<\/p>\n\n    <form action=\"\" method=\"POST\">\n\t\t\n        <input type=\"hidden\" name=\"uniqid\" value=\"69e166f0a6337\"\/>\n\n\t\t\t\t\t\n                               <div class='es-field es-field__es_user_email es-field--email '>\n                                   <label for='es_user_email-69e166f0a6346'><span class='es-field__label'>Email<\/span><input id=\"es_user_email-69e166f0a6346\" name=\"es_user_email\" class=\"es-field__input\" required=\"required\" autocomplete=\"username\" type=\"email\" value=\"\" \/><\/label>\n                               <\/div>\n                           \t\t\t<input type=\"hidden\" id=\"es_retrieve_pwd_nonce_69e166f0a6337\" name=\"es_retrieve_pwd_nonce_69e166f0a6337\" value=\"d03d14c2af\" \/><input type=\"hidden\" name=\"_wp_http_referer\" value=\"\/index.php?rest_route=%2Fwp%2Fv2%2Fpages%2F145\" \/>\t\t\t            <button type=\"submit\" class=\"es-btn es-btn--primary es-btn--reset\">Envoyer le lien de r\u00e9initialisation<\/button>\n\t\t\n        <div><a href=\"#\" data-auth-item=\"login-buttons\" class=\"js-es-auth-item__switcher login-back\"><span class=\"es-icon es-icon_chevron-left\"><\/span>Retour \u00e0 la connexion<\/a><\/div>\n    <\/form>\n    <div class=\"es-space\"><\/div>\n<\/div>\n\t                <div class=\"es-auth__item es-auth__buyer-register-buttons es-auth__item--hidden\">\n\t        <h3 class=\"heading-font\">Commencez avec votre compte<\/h3>\n\t\n\t        <p>pour enregistrer vos maisons pr\u00e9f\u00e9r\u00e9es et plus encore<\/p>\n\t\n\t\t\t\t\t\t\t\t                <a class=\"es-btn es-btn--google es-btn--auth \" href=\"https:\/\/accounts.google.com\/o\/oauth2\/v2\/auth?redirect_uri=https%3A%2F%2Fmarsimmo-ma.com%2F%3Fauth_network%3Dgoogle-buyer-register-buttons&response_type=code&client_id=337487134259-67cksdv3btk0ua4ekjcq74aeid93tss1.apps.googleusercontent.com&access_type=online&scope=https:\/\/www.googleapis.com\/auth\/userinfo.profile https:\/\/www.googleapis.com\/auth\/userinfo.email\">\n                    <span class=\"es-icon es-icon_google\"><\/span>\n\t\t\t\t\tInscrivez-vous avec Google\n                <\/a>\n\t\t\t\t\t\t        <a href=\"#\" data-auth-item=\"buyer-register-form\" class=\"js-es-auth-item__switcher es-btn es-btn--default es-btn--auth \">Inscrivez-vous avec l'adresse e-mail<\/a>\n\t\n    <p class=\"sign-in-text\">Vous avez d\u00e9j\u00e0 un compte? <a href=\"#\" data-auth-item=\"login-buttons\" class=\"js-es-auth-item__switcher\">S'identifier<\/a><\/p>\n    <div class=\"es-space\"><\/div>\n<\/div>\n            <div class=\"es-auth__item es-auth__buyer-register-form es-auth__item--hidden\">\n\t        <h3 class=\"heading-font\">Commencez avec votre compte<\/h3>\n\t\n\t        <p>pour enregistrer vos maisons pr\u00e9f\u00e9r\u00e9es et plus encore<\/p>\n\t\n    <div class=\"all-login-back\">\n        <a href=\"#\" class=\"js-es-auth-item__switcher\" data-auth-item=\"buyer-register-buttons\">\n            <span class=\"es-icon es-icon_chevron-left\"><\/span>Toutes les options d'inscription        <\/a>\n    <\/div>\n\n    <form action=\"\" method=\"POST\">\n\t\t        <input type=\"hidden\" name=\"uniqid\" value=\"69e166f0a6582\"\/>\n        <input type=\"hidden\" id=\"es_register_nonce_69e166f0a6582\" name=\"es_register_nonce_69e166f0a6582\" value=\"143bdcf1fc\" \/><input type=\"hidden\" name=\"_wp_http_referer\" value=\"\/index.php?rest_route=%2Fwp%2Fv2%2Fpages%2F145\" \/><input id=\"redirect_url-69e166f0a659b\" name=\"redirect_url\" class=\"es-field__input\" type=\"hidden\" \/><input id=\"es_type-69e166f0a65ae\" name=\"es_type\" class=\"es-field__input\" type=\"hidden\" value=\"buyer\" \/>\n                               <div class='es-field es-field__es_extra_info es-field--text '>\n                                   <label for='es_extra_info-69e166f0a65ba'><input id=\"es_extra_info-69e166f0a65ba\" name=\"es_extra_info\" class=\"es-field__input\" type=\"text\" value=\"\" \/><\/label>\n                               <\/div>\n                           \n                               <div class='es-field es-field__es_user_email es-field--email '>\n                                   <label for='es_user_email-69e166f0a65d7'><span class='es-field__label'>Email<\/span><input id=\"es_user_email-69e166f0a65d7\" name=\"es_user_email\" class=\"es-field__input\" required=\"required\" autocomplete=\"username\" type=\"email\" value=\"\" \/><p class='es-field__description'>Vous l'utiliserez pour vous connecter et nous l'utiliserons pour vous contacter.<\/p><\/label>\n                               <\/div>\n                           \n                                   <div class='es-field es-field__es_user_password es-field--password '>\n                                       <label for='es_user_password-69e166f0a65f1'><span class='es-field__label'>Mot de passe<\/span><div class='es-input__wrap'><input id=\"es_user_password-69e166f0a65f1\" name=\"es_user_password\" class=\"js-es-password-field es-field__input\" required=\"required\" minlength=\"8\" autocomplete=\"new-password\" type=\"password\" value=\"\" \/><a href='#' aria-label='Show or Hide password' class='es-toggle-pwd js-es-toggle-pwd'><span class='es-icon es-icon_eye'><\/span><\/a><\/div><p class='es-field__description'><ul class='es-field__validate-list'>\n                                <li class='es-validate-item es-validate-item__contain'>Ne peut pas contenir le nom ou l'adresse e-mail<\/li>\n                                <li class='es-validate-item es-validate-item__length'>Au moins 8 caract\u00e8res<\/li>\n                                <li class='es-validate-item es-validate-item__char'>Contient un chiffre ou un symbole<\/li>\n                            <\/ul><\/p><\/label>\n                                   <\/div>\n                               \n\t                        <input type=\"hidden\" name=\"g-recaptcha-response\" id=\"recaptchaResponse-69e166f0a6636\"\/>\n\t\t\t\t\t\n        <button type=\"submit\" disabled class=\"es-btn es-btn--primary es-btn--signup\">S'inscrire<\/button>\n\t\t<div class='es-privacy-policy-container'><div class='es-field es-field__terms_conditions es-field--checkbox '>\n\t\t\t<input type='hidden' name='terms_conditions' value='0'\/>\n\t\t\t<input id=\"terms-conditions-69e166f0a687b\" name=\"terms_conditions\" class=\"es-field__input\" value=\"1\" required=\"required\" type=\"checkbox\" \/>\n\t\t<!----><label for='terms-conditions-69e166f0a687b'><span class='es-field__label'>I agree to the Conditions d'utilisation and <a href='https:\/\/marsimmo-ma.com\/?page_id=149' class='es-terms-link'>Politique de confidentialit\u00e9<\/a><\/span><\/label><\/div><\/div>        <p class=\"sign-in-text\">Vous avez d\u00e9j\u00e0 un compte? <a href=\"#\" class=\"js-es-auth-item__switcher\" data-auth-item=\"login-buttons\">S'identifier<\/a><\/p>\n    <\/form>\n    <div class=\"es-space\"><\/div>\n<\/div>\n            \n    <div class='es-powered content-font'>Powered by <a target='_blank' href='https:\/\/estatik.net'>Estatik<\/a><\/div><\/div>\n\n","protected":false},"excerpt":{"rendered":"","protected":false},"author":1,"featured_media":0,"parent":0,"menu_order":0,"comment_status":"closed","ping_status":"closed","template":"","meta":{"site-sidebar-layout":"default","site-content-layout":"","ast-site-content-layout":"default","site-content-style":"default","site-sidebar-style":"default","ast-global-header-display":"","ast-banner-title-visibility":"","ast-main-header-display":"","ast-hfb-above-header-display":"","ast-hfb-below-header-display":"","ast-hfb-mobile-header-display":"","site-post-title":"","ast-breadcrumbs-content":"","ast-featured-img":"","footer-sml-layout":"","theme-transparent-header-meta":"","adv-header-id-meta":"","stick-header-meta":"","header-above-stick-meta":"","header-main-stick-meta":"","header-below-stick-meta":"","astra-migrate-meta-layouts":"default","ast-page-background-enabled":"default","ast-page-background-meta":{"desktop":{"background-color":"var(--ast-global-color-5)","background-image":"","background-repeat":"repeat","background-position":"center center","background-size":"auto","background-attachment":"scroll","background-type":"","background-media":"","overlay-type":"","overlay-color":"","overlay-opacity":"","overlay-gradient":""},"tablet":{"background-color":"","background-image":"","background-repeat":"repeat","background-position":"center center","background-size":"auto","background-attachment":"scroll","background-type":"","background-media":"","overlay-type":"","overlay-color":"","overlay-opacity":"","overlay-gradient":""},"mobile":{"background-color":"","background-image":"","background-repeat":"repeat","background-position":"center center","background-size":"auto","background-attachment":"scroll","background-type":"","background-media":"","overlay-type":"","overlay-color":"","overlay-opacity":"","overlay-gradient":""}},"ast-content-background-meta":{"desktop":{"background-color":"var(--ast-global-color-4)","background-image":"","background-repeat":"repeat","background-position":"center center","background-size":"auto","background-attachment":"scroll","background-type":"","background-media":"","overlay-type":"","overlay-color":"","overlay-opacity":"","overlay-gradient":""},"tablet":{"background-color":"var(--ast-global-color-4)","background-image":"","background-repeat":"repeat","background-position":"center center","background-size":"auto","background-attachment":"scroll","background-type":"","background-media":"","overlay-type":"","overlay-color":"","overlay-opacity":"","overlay-gradient":""},"mobile":{"background-color":"var(--ast-global-color-4)","background-image":"","background-repeat":"repeat","background-position":"center center","background-size":"auto","background-attachment":"scroll","background-type":"","background-media":"","overlay-type":"","overlay-color":"","overlay-opacity":"","overlay-gradient":""}},"footnotes":""},"class_list":["post-145","page","type-page","status-publish","hentry"],"_links":{"self":[{"href":"https:\/\/marsimmo-ma.com\/index.php?rest_route=\/wp\/v2\/pages\/145","targetHints":{"allow":["GET"]}}],"collection":[{"href":"https:\/\/marsimmo-ma.com\/index.php?rest_route=\/wp\/v2\/pages"}],"about":[{"href":"https:\/\/marsimmo-ma.com\/index.php?rest_route=\/wp\/v2\/types\/page"}],"author":[{"embeddable":true,"href":"https:\/\/marsimmo-ma.com\/index.php?rest_route=\/wp\/v2\/users\/1"}],"replies":[{"embeddable":true,"href":"https:\/\/marsimmo-ma.com\/index.php?rest_route=%2Fwp%2Fv2%2Fcomments&post=145"}],"version-history":[{"count":0,"href":"https:\/\/marsimmo-ma.com\/index.php?rest_route=\/wp\/v2\/pages\/145\/revisions"}],"wp:attachment":[{"href":"https:\/\/marsimmo-ma.com\/index.php?rest_route=%2Fwp%2Fv2%2Fmedia&parent=145"}],"curies":[{"name":"wp","href":"https:\/\/api.w.org\/{rel}","templated":true}]}}